{"id":462,"date":"2016-12-19T11:32:15","date_gmt":"2016-12-19T10:32:15","guid":{"rendered":"http:\/\/goscinnakamienica.com.pl\/?page_id=462"},"modified":"2018-10-29T12:58:39","modified_gmt":"2018-10-29T11:58:39","slug":"konferencje","status":"publish","type":"page","link":"https:\/\/goscinnakamienica.dfirma.pl\/index.php\/konferencje\/","title":{"rendered":"Konferencje"},"content":{"rendered":"<p><strong>KONFERENCJE<\/strong><\/p>\n<p><strong>SALA KONFERENCYJNA<\/strong><\/p>\n<p>Go\u015bcinna Kamienica to doskona\u0142e miejsce do prowadzenia seminari\u00f3w, szkole\u0144, prezentacji, konferencji, spotka\u0144 biznesowych. Wysokiej jako\u015bci sprz\u0119t audiowizualny oraz wykwalifikowana obs\u0142uga zapewniaj\u0105 profesjonalne przeprowadzenie spotka\u0144. Sala Konferencyjna mie\u015bci si\u0119 na I pi\u0119trze budynku o powierzchni 60 m. kw., przeznaczona dla maksymalnie 36 os\u00f3b. Dodatkowo Pa\u0144stwa Go\u015bciom &#8211; uczestnikom konferencji organizowanych w naszym obiekcie oferujemy zni\u017ck\u0119 na us\u0142ugi noclegowe w wysoko\u015bci 10% od cen dla klient\u00f3w indywidualnych.<\/p>\n<p><strong>Zapraszamy do wsp\u00f3\u0142pracy !<\/strong><\/p>\n<p><strong>WYPOSA\u017bENIE\u00a0 TECHNICZNE<\/strong><\/p>\n<ul>\n<li>rzutnik<\/li>\n<li>projektor multimedialny<\/li>\n<li>ekran<\/li>\n<li>telewizor LCD 40\u2019<\/li>\n<li>flipchart<\/li>\n<li>dost\u0119p do \u015bwiat\u0142a dziennego<\/li>\n<li>zaciemnienie okien<\/li>\n<li>o\u015bwietlenie konferencyjne i bankietowe<\/li>\n<li>obs\u0142uga techniczna<\/li>\n<li>dost\u0119p do Internetu<\/li>\n<li>klimatyzacja<\/li>\n<li>przed\u0142u\u017cacze elektryczny<\/li>\n<\/ul>\n<p><strong>\u00a0<\/strong><\/p>\n<p><strong>\u00a0<\/strong><\/p>\n<p><strong>\u00a0<\/strong><\/p>\n<p><strong>CENNIK<\/strong><\/p>\n<table>\n<tbody>\n<tr>\n<td rowspan=\"2\" width=\"100\">Sala<\/td>\n<td width=\"100\"><strong>Cena<br \/>\nza 1 godzin\u0119<\/strong><\/td>\n<td width=\"100\"><strong>Cena<br \/>\nza ca\u0142y dzie\u0144<\/strong><\/td>\n<td width=\"100\"><strong>Cena<br \/>\nza 1 godzin\u0119<\/strong><\/td>\n<td width=\"100\"><strong>Cena<br \/>\nza ca\u0142y dzie\u0144<\/strong><\/td>\n<\/tr>\n<tr>\n<td width=\"100\"><strong>bez wyposa\u017cenia<\/strong><\/td>\n<td width=\"100\"><strong>bez wyposa\u017cenia<\/strong><\/td>\n<td width=\"100\"><strong>z wyposa\u017ceniem<\/strong><\/td>\n<td width=\"100\"><strong>z wyposa\u017ceniem<\/strong><\/td>\n<\/tr>\n<tr>\n<td width=\"100\"><strong>GO\u015aCINNA<\/strong><\/td>\n<td width=\"100\">60 PLN<\/td>\n<td width=\"100\">400 PLN<\/td>\n<td width=\"100\">85 PLN<\/td>\n<td width=\"100\">450 PLN<\/td>\n<\/tr>\n<\/tbody>\n<\/table>\n<p>&nbsp;<\/p>\n<table>\n<tbody>\n<tr>\n<td width=\"198\"><strong>Sala na rozmowy kwalifikacyjne<\/strong><\/td>\n<td width=\"99\">50 PLN \/1 godzin\u0119<\/td>\n<td width=\"106\">200 PLN \/ ca\u0142y dzie\u0144<\/td>\n<\/tr>\n<\/tbody>\n<\/table>\n<p><strong>\u00a0<\/strong><\/p>\n<p><strong>Kontakt:<\/strong><br \/>\ne-mail: <a href=\"mailto:recepcja@goscinnakamienica.pl\">recepcja@goscinnakamienica.pl<\/a><\/p>\n<p>tel.: +\u00a0 48 85\u00a0831 15 55<\/p>\n<p>kom.: 535\u00a0971 911<\/p>\n<table width=\"100%\">\n<tbody>\n<tr>\n<td><strong>\u00a0<\/strong><\/p>\n<p><strong>\u00a0<\/strong><\/p>\n<p><strong>\u00a0<\/strong><\/p>\n<p><strong>\u00a0<\/strong><\/td>\n<td><\/td>\n<td><\/td>\n<td><\/td>\n<\/tr>\n<\/tbody>\n<\/table>\n<p><strong>US\u0141UGI DODATKOWE<\/strong><\/p>\n<p>BANKIET KAWOWY<\/p>\n<p>BANKIET SA\u0141ATKOWO\/PRZEKASKOWY<\/p>\n<p>LUNCH<\/p>\n<p>BANKIETY<\/p>\n<p>Go\u015bcinna Kamienica posiada doskona\u0142e warunki do organizacji bankiet\u00f3w, komunii, chrzcin, wesel i przyj\u0119\u0107 rodzinnych w eleganckim oraz stylizowanym wn\u0119trzu kamienicy.<\/p>\n<p>Na ka\u017cd\u0105 okazj\u0119 przygotowujemy indywidualne menu, uwzgl\u0119dniaj\u0105ce gusta i preferencje naszych Go\u015bci.<\/p>\n<p>Przyj\u0119cia okoliczno\u015bciowe organizowane s\u0105 do 30 os\u00f3b.<\/p>\n<p>Na \u017cyczenie naszych Go\u015bci dostarczamy catering w wybrane miejsce na terenie.<\/p>\n<p><strong>Kontakt:<\/strong><br \/>\ne-mail: <a href=\"mailto:recepcja@goscinnakamienica.pl\">recepcja@goscinnakamienica.pl<\/a><\/p>\n<p>tel.: +\u00a0 48 85\u00a0831 15 55<\/p>\n<p>kom.: 535\u00a0971 911<\/p>\n<p>&nbsp;<\/p>\n<p>&nbsp;<\/p>\n<p>&nbsp;<\/p>\n<h1><em><strong>KOMUNIA 2019<\/strong><\/em><\/h1>\n<p><strong>Komunia to niezwykle wa\u017cne wydarzenie w \u017cyciu dziecka oraz ca\u0142ej rodziny. Specjali\u015bci Go\u015bcinnej Kamienicy posiadaj\u0105 kilkunastoletnie do\u015bwiadczenie w organizacji tego typu wydarze\u0144 \u2013 dlatego nasi go\u015bcie regularnie nas sobie polecaj\u0105.<\/strong><\/p>\n<p>&nbsp;<\/p>\n<p><strong>Nasze atuty:<\/strong><\/p>\n<ul>\n<li>pi\u0119kne zabytkowe wn\u0119trza i artystyczny wystr\u00f3j;<\/li>\n<li>atrakcyjna okolica, 400 m do Rynku \u2013 wyj\u0105tkowa okazja do zrobienia pami\u0105tkowych zdj\u0119\u0107;<\/li>\n<li>elegancka dekoracja sto\u0142\u00f3w, z wyr\u00f3\u017cnionym miejscem honorowym dla dziecka komunijnego;<\/li>\n<li>sala na wy\u0142\u0105czno\u015b\u0107;<\/li>\n<li>indywidualnie dobrane menu;<\/li>\n<li>dodatkowe udogodnienia dla dzieci;<\/li>\n<li>komunijne torty, wykonane wed\u0142ug specjalnych wzor\u00f3w lub Pa\u0144stwa pomys\u0142u;<\/li>\n<li>dekoracje kwiatowe na sto\u0142ach i karta menu ze specjaln\u0105 dedykacj\u0105;<\/li>\n<li>bezp\u0142atny parking;<\/li>\n<li>specjalne ceny na noclegi dla Go\u015bci;<\/li>\n<li>profesjonalna obs\u0142uga i wyj\u0105tkowa atmosfera;<\/li>\n<li>mamy kilkunastoletnie do\u015bwiadczenie w organizacji udanych przyj\u0119\u0107, zadbamy o najdrobniejszy szczeg\u00f3\u0142;<\/li>\n<li>nasi Go\u015bcie ceni\u0105 wyj\u0105tkowe, indywidualne podej\u015bcie;<\/li>\n<\/ul>\n<p><strong>Oferta obiad\u00f3w komunijnych 2019 &#8211; dost\u0119pna na zapytanie ceny ju\u017c od 90z\u0142\/osoba.<\/strong><\/p>\n<h3>Planuj\u0105c organizacj\u0119 przyj\u0119cia, skontaktuj si\u0119 z naszym Dzia\u0142em Sprzeda\u017cy.<\/h3>\n<p>Go\u015bcinna Kamienica<br \/>\nul.Sienkiewicza 24<br \/>\n15-092 Bia\u0142ystok<\/p>\n<p>Tel: 790-500-095<br \/>\ne-mail: <a href=\"mailto:marketing@goscinnakamienica.pl\">marketing@goscinnakamienica.pl<\/a><br \/>\n<a href=\"http:\/\/www.goscinnakamienica.pl\/\">www.goscinnakamienica.pl<\/a><\/p>\n<p>&nbsp;<\/p>\n<p>&nbsp;<\/p>\n<h3>CATERING<\/h3>\n<p>&nbsp;<\/p>\n<p>Na \u017cyczenie Pa\u0144stwa zorganizujemy catering w dowolnie wybranym przez Pa\u0144stwa miejscu.<\/p>\n<p>Zawsze dostosujemy si\u0119 do Pa\u0144stwa potrzeb, zar\u00f3wno w zakresie doboru menu, jak i dekoracji sto\u0142\u00f3w.<\/p>\n<p>Gwarantujemy doskona\u0142\u0105 kuchni\u0119, r\u00f3\u017cnorodne napoje, profesjonaln\u0105 obs\u0142ug\u0119, eleganck\u0105 zastaw\u0119 porcelanow\u0105 oraz transport.<\/p>\n<p><strong>Kontakt:<\/strong><br \/>\ne-mail: <a href=\"mailto:recepcja@goscinnakamienica.pl\">recepcja@goscinnakamienica.pl<\/a><\/p>\n<p>tel.: +\u00a0 48 85\u00a0831 15 55<\/p>\n<p>kom.: 535\u00a0971 911<\/p>\n<h3><\/h3>\n<p>&nbsp;<\/p>\n<h3>\u015aNIADANIA<\/h3>\n<p>&nbsp;<\/p>\n<p>Zapraszamy na \u015bniadania do Go\u015bcinnej Kamienicy codziennie w godzinach:<\/p>\n<p>Poniedzia\u0142ek-Niedziela 7:00-10:00<\/p>\n<p><strong>W menu znajdzie si\u0119 szeroki wyb\u00f3r:<\/strong><\/p>\n<ul>\n<li>przek\u0105ski: kompozycje ser\u00f3w, w\u0119dlin, mi\u0119s pieczonych, sa\u0142atek sezonowych, pasty, pomidory z mozzarell\u0105, twaro\u017cki smakowe, d\u017cemy owocowe, miody, r\u00f3\u017cne rodzaje p\u0142atk\u00f3w \u015bniadaniowych, du\u017cy wyb\u00f3r chrupi\u0105cego pieczywa, jaj w r\u00f3\u017cnych postaciach<\/li>\n<li>da\u0144 na ciep\u0142o: jajecznica i omlety z dodatkami, kie\u0142baski \u015bniadaniowe, nale\u015bniki, pierogi z serem i owocami<\/li>\n<li>napoje zimne (sok pomara\u0144czowy, jab\u0142kowy, woda z cytryn\u0105)<\/li>\n<li>napoje gor\u0105ce : du\u017cy wyb\u00f3r herbat oraz \u015bwie\u017co mielona kawa z ekspresu<\/li>\n<li>jogurty naturalne i owocowe<\/li>\n<li>owoce<\/li>\n<li>ciasta domowe i ciastka<\/li>\n<li>st\u00f3\u0142 regionalny ze smako\u0142ykami typowymi dla Podlasia<\/li>\n<\/ul>\n<p>Koszt \u015bniadania wynosi <strong>30,00 z\u0142\/osoba<\/strong><\/p>\n<p>&nbsp;<\/p>\n<h3>\u015aNIADANIA BEZGLUTENOWE<\/h3>\n<p>&nbsp;<\/p>\n<p>Dieta bezglutenowa cieszy si\u0119 obecnie ogromn\u0105 popularno\u015bci\u0105 nie tylko w\u015br\u00f3d os\u00f3b chorych na celiaki\u0119 lub uczulonych na gluten, ale r\u00f3wnie\u017c w\u015br\u00f3d os\u00f3b, kt\u00f3re chc\u0105 schudn\u0105\u0107 i polepszy\u0107 swoje samopoczucie. Wychodz\u0105c naprzeciw ich oczekiwaniom Go\u015bcinna Kamienica oferuje szeroki wachlarz bezglutenowych \u015bniada\u0144 na wynos lub do zam\u00f3wienia w obiekcie.<\/p>\n<p>W naszym ofercie znajd\u0105 Pa\u0144stwo przepyszne budynie jaglane. Warto wiedzie\u0107, \u017ce kasza jaglana powstaje z \u0142uskanego prosta, kt\u00f3rego spo\u017cywanie jest zalecane osobom b\u0119d\u0105cym na diecie bezglutenowej. Budynie dost\u0119pne s\u0105 w wariancie kokosowo-bananowym, czekoladowym z toffi oraz waniliowym z jab\u0142kiem. Na deser polecamy s\u0142odkie bezy lub nale\u015bniki gryczane z owocami i bit\u0105 \u015bmietan\u0105.<\/p>\n<p>Oferujemy Pa\u0144stwu r\u00f3wnie\u017c przepyszne obiady\/lunch bezglutenowe do pracy i na miejscu. Serwujemy nale\u015bniki gryczane ze szpinakiem i serem ple\u015bniowym oraz nale\u015bniki gryczane z kurczakiem, pomidorami i serem brie lub przyrz\u0105dzan\u0105 na ostro wo\u0142owin\u0105.<\/p>\n<p>Nad wszystkimi przyrz\u0105dzanymi przez nas daniami czuwa dietetyk, kt\u00f3ry dba o to, aby podawane posi\u0142ki by\u0142y nie tylko smaczne, ale i zdrowe. Nasz\u0105 kuchni\u0119 doceni\u0142o wielu klient\u00f3w, mamy nadziej\u0119, \u017ce nied\u0142ugo i Pa\u0144stwo do\u0142\u0105cz\u0105 do ich grona!<\/p>\n<p>Koszt \u015bniadania wynosi <strong>45,00 z\u0142\/osoba<\/strong><\/p>\n<p>&nbsp;<\/p>\n<p>&nbsp;<\/p>\n<p>&nbsp;<\/p>\n<p>&nbsp;<\/p>\n<p>&nbsp;<\/p>\n","protected":false},"excerpt":{"rendered":"<p>KONFERENCJE SALA KONFERENCYJNA Go\u015bcinna Kamienica to doskona\u0142e miejsce do prowadzenia seminari\u00f3w, szkole\u0144, prezentacji, konferencji, spotka\u0144 biznesowych. Wysokiej jako\u015bci sprz\u0119t audiowizualny oraz wykwalifikowana obs\u0142uga zapewniaj\u0105 profesjonalne przeprowadzenie spotka\u0144. Sala Konferencyjna mie\u015bci si\u0119 na I pi\u0119trze budynku o powierzchni 60 m. kw., przeznaczona dla maksymalnie 36 os\u00f3b. Dodatkowo Pa\u0144stwa Go\u015bciom &#8211; uczestnikom konferencji organizowanych w naszym obiekcie [&hellip;]<\/p>\n","protected":false},"author":1,"featured_media":0,"parent":0,"menu_order":0,"comment_status":"closed","ping_status":"closed","template":"","meta":[],"_links":{"self":[{"href":"https:\/\/goscinnakamienica.dfirma.pl\/index.php\/wp-json\/wp\/v2\/pages\/462"}],"collection":[{"href":"https:\/\/goscinnakamienica.dfirma.pl\/index.php\/wp-json\/wp\/v2\/pages"}],"about":[{"href":"https:\/\/goscinnakamienica.dfirma.pl\/index.php\/wp-json\/wp\/v2\/types\/page"}],"author":[{"embeddable":true,"href":"https:\/\/goscinnakamienica.dfirma.pl\/index.php\/wp-json\/wp\/v2\/users\/1"}],"replies":[{"embeddable":true,"href":"https:\/\/goscinnakamienica.dfirma.pl\/index.php\/wp-json\/wp\/v2\/comments?post=462"}],"version-history":[{"count":5,"href":"https:\/\/goscinnakamienica.dfirma.pl\/index.php\/wp-json\/wp\/v2\/pages\/462\/revisions"}],"predecessor-version":[{"id":2805,"href":"https:\/\/goscinnakamienica.dfirma.pl\/index.php\/wp-json\/wp\/v2\/pages\/462\/revisions\/2805"}],"wp:attachment":[{"href":"https:\/\/goscinnakamienica.dfirma.pl\/index.php\/wp-json\/wp\/v2\/media?parent=462"}],"curies":[{"name":"wp","href":"https:\/\/api.w.org\/{rel}","templated":true}]}}