{"id":453,"date":"2016-12-19T11:23:39","date_gmt":"2016-12-19T10:23:39","guid":{"rendered":"http:\/\/goscinnakamienica.com.pl\/?page_id=453"},"modified":"2018-09-24T14:06:45","modified_gmt":"2018-09-24T12:06:45","slug":"cennik","status":"publish","type":"page","link":"https:\/\/goscinnakamienica.dfirma.pl\/index.php\/obiekt\/cennik\/","title":{"rendered":"Cennik"},"content":{"rendered":"<p><ins datetime=\"2017-09-04T10:57:16+00:00\"><em><br \/>\n<strong>Standard suite<\/strong><\/em><\/ins><\/p>\n<p>Jednoosobowy ze \u015bniadaniem <code>184 PLN doba \/ 174 PLN weekend<\/code><br \/>\nDwuosobowy ze \u015bniadaniem <code>234 PLN doba \/ 224 PLN weekend<\/code><br \/>\nTrzyosobowy ze \u015bniadaniem <code>309 PLN doba \/ 269 PLN weekend<\/code><\/p>\n<p>Pok\u00f3j wyposa\u017cony w \u0142o\u017ce lub \u0142\u00f3\u017cka, TV LCD 32\u201d. Umeblowany: szafki nocne, lampki nocne, szafa baga\u017cowa, lustro, stolik lub biurko oraz dwa krzes\u0142a. \u0141azienka w pokoju z kabin\u0105 prysznicow\u0105, wc kompaktem, szafk\u0105 z umywalk\u0105, r\u0119czniki w szafce, suszarka do w\u0142os\u00f3w, lustro.<\/p>\n<p><ins datetime=\"2017-09-04T10:57:55+00:00\"><em><strong>Komfort suite<\/strong><\/em><\/ins><\/p>\n<p>Jednoosobowy ze \u015bniadaniem <code>199 PLN doba \/ 189 PLN weekend<\/code><br \/>\nDwuosobowy ze \u015bniadaniem <code>249 PLN doba\/ 229 PLN weekend<\/code><\/p>\n<p>Przestronny pok\u00f3j z balkonem zlokalizowany od strony podw\u00f3rka, wyposa\u017cony w podw\u00f3jne \u0142o\u017ce lub dwa wygodne \u0142\u00f3\u017cka, TV LCD 32&#8243;. Umeblowany: szafki nocne, lampki nocne, szafa baga\u017cowa, lustro, stolik lub biurko. \u0141azienka z kabin\u0105 prysznicow\u0105, WC kompaktem, szafka z umywalk\u0105, r\u0119czniki, suszarka do w\u0142os\u00f3w, lustro.<\/p>\n<p><ins datetime=\"2017-09-04T10:57:55+00:00\"><em><strong>DeLuxe suite<\/strong><\/em><\/ins><\/p>\n<p>Jednoosobowy ze \u015bniadaniem <code>229 PLN doba \/ 209 PLN weekend<\/code><br \/>\nDwuosobowy ze \u015bniadaniem <code>259 PLN doba \/ 239 PLN weekend<\/code><\/p>\n<p>Pok\u00f3j zdecydowanie wi\u0119kszy i przestronniejszy, umeblowany w klasyczne, stylizowanie meble. Wyposa\u017cony w podw\u00f3jne \u0142o\u017ce lub dwa wygodne \u0142\u00f3\u017cka, TV LCD 32\u2033. Umeblowany: szafki nocne, lampki nocne, szafa baga\u017cowa, lustro, stolik lub biurko. \u0141azienka z kabin\u0105 prysznicow\u0105, WC kompaktem, szafka z umywalk\u0105, r\u0119czniki, suszarka do w\u0142os\u00f3w, lustro.Pok\u00f3j posiada zestaw do parzenia kawy i herbaty.<\/p>\n<p><ins datetime=\"2017-09-04T10:57:55+00:00\"><em><strong>Apartament dla alergik\u00f3w<br \/>\n<\/strong><\/em><\/ins><\/p>\n<p>Jednoosobowy ze \u015bniadaniem <code>235 PLN doba <\/code><br \/>\nDwuosobowy ze \u015bniadaniem <code>255 PLN doba <\/code><\/p>\n<p>Pok\u00f3j z balkonem, umeblowany w klasyczne, stylizowanie meble. Wyposa\u017cony w jedno dwa wygodne \u0142\u00f3\u017cka, TV LCD 32\u2033. Umeblowany: szafki nocne, lampki nocne, szafa baga\u017cowa, lustro, stolik lub biurko. \u0141azienka z kabin\u0105 prysznicow\u0105, WC kompaktem, szafka z umywalk\u0105, r\u0119czniki, suszarka do w\u0142os\u00f3w, lustro.Pok\u00f3j posiada zestaw do parzenia kawy i herbaty.Antyalergiczna po\u015bciel oraz kosmetyki. Jonizator powietrza.<\/p>\n<p><em>Dostawka ze \u015bniadaniem 60 PLN doba<\/em><ins datetime=\"2017-09-04T10:58:36+00:00\"><\/ins><\/p>\n<p>Oferowana cena za dob\u0119 hotelow\u0105 ze \u015bniadaniem zawiera podatek VAT<\/p>\n<p>Doba hotelowa trwa od 14.00 &#8211; do 12.00. Na \u017cyczenie go\u015bci przygotujemy \u0142\u00f3\u017ceczko dla dziecka. Do dyspozycji go\u015bci oferujemy r\u00f3wnie\u017c sejf hotelowy, akceptujemy zwierz\u0119ta za dodatkow\u0105 op\u0142at\u0105. Bezp\u0142atny i monitorowany parking hotelowy.<\/p>\n","protected":false},"excerpt":{"rendered":"<p>Standard suite Jednoosobowy ze \u015bniadaniem 184 PLN doba \/ 174 PLN weekend Dwuosobowy ze \u015bniadaniem 234 PLN doba \/ 224 PLN weekend Trzyosobowy ze \u015bniadaniem 309 PLN doba \/ 269 PLN weekend Pok\u00f3j wyposa\u017cony w \u0142o\u017ce lub \u0142\u00f3\u017cka, TV LCD 32\u201d. Umeblowany: szafki nocne, lampki nocne, szafa baga\u017cowa, lustro, stolik lub biurko oraz dwa krzes\u0142a. [&hellip;]<\/p>\n","protected":false},"author":1,"featured_media":0,"parent":420,"menu_order":0,"comment_status":"closed","ping_status":"closed","template":"","meta":[],"_links":{"self":[{"href":"https:\/\/goscinnakamienica.dfirma.pl\/index.php\/wp-json\/wp\/v2\/pages\/453"}],"collection":[{"href":"https:\/\/goscinnakamienica.dfirma.pl\/index.php\/wp-json\/wp\/v2\/pages"}],"about":[{"href":"https:\/\/goscinnakamienica.dfirma.pl\/index.php\/wp-json\/wp\/v2\/types\/page"}],"author":[{"embeddable":true,"href":"https:\/\/goscinnakamienica.dfirma.pl\/index.php\/wp-json\/wp\/v2\/users\/1"}],"replies":[{"embeddable":true,"href":"https:\/\/goscinnakamienica.dfirma.pl\/index.php\/wp-json\/wp\/v2\/comments?post=453"}],"version-history":[{"count":5,"href":"https:\/\/goscinnakamienica.dfirma.pl\/index.php\/wp-json\/wp\/v2\/pages\/453\/revisions"}],"predecessor-version":[{"id":2677,"href":"https:\/\/goscinnakamienica.dfirma.pl\/index.php\/wp-json\/wp\/v2\/pages\/453\/revisions\/2677"}],"up":[{"embeddable":true,"href":"https:\/\/goscinnakamienica.dfirma.pl\/index.php\/wp-json\/wp\/v2\/pages\/420"}],"wp:attachment":[{"href":"https:\/\/goscinnakamienica.dfirma.pl\/index.php\/wp-json\/wp\/v2\/media?parent=453"}],"curies":[{"name":"wp","href":"https:\/\/api.w.org\/{rel}","templated":true}]}}