{"id":420,"date":"2016-12-18T18:03:50","date_gmt":"2016-12-18T17:03:50","guid":{"rendered":"http:\/\/goscinnakamienica.com.pl\/?page_id=420"},"modified":"2019-12-19T09:15:30","modified_gmt":"2019-12-19T08:15:30","slug":"obiekt","status":"publish","type":"page","link":"https:\/\/goscinnakamienica.dfirma.pl\/index.php\/obiekt\/","title":{"rendered":"Obiekt"},"content":{"rendered":"<p>Mieszcz\u0105ca si\u0119 w stylowej kamienicy Go\u015bcinna Kamienica usytuowana jest w centrum Bia\u0142egostoku, tylko kilka krok\u00f3w od G\u0142\u00f3wnego Rynku i g\u0142\u00f3wnej arterii turystycznej i rozrywkowej miasta.<\/p>\n<p>Fakt, \u017ce Go\u015bcinna Kamienica mie\u015bci si\u0119 w centrum miasta, a tak\u017ce wyj\u0105tkowa atmosfera Bia\u0142egostoku sprawiaj\u0105, \u017ce nasz obiekt jest idealnym miejscem zar\u00f3wno dla tych, kt\u00f3rzy szukaj\u0105 odpoczynku i chc\u0105 zwiedzi\u0107 okolic\u0119, jak i dla tych, kt\u00f3rzy s\u0105 ci\u0105gle w podr\u00f3\u017cy i chc\u0105 korzysta\u0107 z nowoczesnych metod komunikacji.<\/p>\n<p>Jeste\u015bmy odpowiedzialni i wiarygodni. Naszym klientom gwarantujemy dobre ceny i dobr\u0105 jako\u015b\u0107.<\/p>\n<p>Jeste\u015bmy do Pa\u0144stwa us\u0142ug.<\/p>\n<p>Cieszymy si\u0119 na przysz\u0142\u0105 wsp\u00f3\u0142prac\u0119 i mamy nadziej\u0119, \u017ce Go\u015bcinna Kamienica sprosta Pa\u0144stwa oczekiwaniom.<\/p>\n<p style=\"text-align: right;\"><em>Zesp\u00f3\u0142 Go\u015bcinnej Kamienicy<\/em><\/p>\n","protected":false},"excerpt":{"rendered":"<p>Mieszcz\u0105ca si\u0119 w stylowej kamienicy Go\u015bcinna Kamienica usytuowana jest w centrum Bia\u0142egostoku, tylko kilka krok\u00f3w od G\u0142\u00f3wnego Rynku i g\u0142\u00f3wnej arterii turystycznej i rozrywkowej miasta. Fakt, \u017ce Go\u015bcinna Kamienica mie\u015bci si\u0119 w centrum miasta, a tak\u017ce wyj\u0105tkowa atmosfera Bia\u0142egostoku sprawiaj\u0105, \u017ce nasz obiekt jest idealnym miejscem zar\u00f3wno dla tych, kt\u00f3rzy szukaj\u0105 odpoczynku i chc\u0105 zwiedzi\u0107 [&hellip;]<\/p>\n","protected":false},"author":1,"featured_media":425,"parent":0,"menu_order":0,"comment_status":"closed","ping_status":"closed","template":"","meta":[],"_links":{"self":[{"href":"https:\/\/goscinnakamienica.dfirma.pl\/index.php\/wp-json\/wp\/v2\/pages\/420"}],"collection":[{"href":"https:\/\/goscinnakamienica.dfirma.pl\/index.php\/wp-json\/wp\/v2\/pages"}],"about":[{"href":"https:\/\/goscinnakamienica.dfirma.pl\/index.php\/wp-json\/wp\/v2\/types\/page"}],"author":[{"embeddable":true,"href":"https:\/\/goscinnakamienica.dfirma.pl\/index.php\/wp-json\/wp\/v2\/users\/1"}],"replies":[{"embeddable":true,"href":"https:\/\/goscinnakamienica.dfirma.pl\/index.php\/wp-json\/wp\/v2\/comments?post=420"}],"version-history":[{"count":4,"href":"https:\/\/goscinnakamienica.dfirma.pl\/index.php\/wp-json\/wp\/v2\/pages\/420\/revisions"}],"predecessor-version":[{"id":4061,"href":"https:\/\/goscinnakamienica.dfirma.pl\/index.php\/wp-json\/wp\/v2\/pages\/420\/revisions\/4061"}],"wp:featuredmedia":[{"embeddable":true,"href":"https:\/\/goscinnakamienica.dfirma.pl\/index.php\/wp-json\/wp\/v2\/media\/425"}],"wp:attachment":[{"href":"https:\/\/goscinnakamienica.dfirma.pl\/index.php\/wp-json\/wp\/v2\/media?parent=420"}],"curies":[{"name":"wp","href":"https:\/\/api.w.org\/{rel}","templated":true}]}}